{"id":36,"date":"2023-02-15T11:30:27","date_gmt":"2023-02-15T15:30:27","guid":{"rendered":"https:\/\/s3d-print.com\/?page_id=36"},"modified":"2023-05-06T13:24:41","modified_gmt":"2023-05-06T17:24:41","slug":"acceuil","status":"publish","type":"page","link":"https:\/\/s3d-print.com\/","title":{"rendered":"Accueil"},"content":{"rendered":"\n<p class=\"has-text-color\" style=\"color:#17343c;font-size:16px\">Bienvenue chez S3D-PRINT. <\/p>\n\n\n\n<p class=\"has-text-color\" style=\"color:#17343c;font-size:16px\">Nous sommes une entreprise de mod\u00e9lisation et de fabrication 3D au service des particuliers et des entreprises de Guadeloupe. Nous vous apportons une solution d&rsquo;impression 3D \u00e0 votre probl\u00e9matique mat\u00e9rielle.<\/p>\n\n\n\n<p class=\"has-text-color\" style=\"color:#17343c;font-size:16px\"><br><\/p>\n\n\n\n<p class=\"has-text-color\" style=\"color:#17343c;font-size:16px\">Notre slogan \u00ab\u00a0You think it. We print it !\u00a0\u00bb exprime toute la diversit\u00e9 des secteurs d&rsquo;activit\u00e9 pour lesquels la fabrication additive (impression 3D) est capable d&rsquo;apporter des solutions : <\/p>\n\n\n\n<ul class=\"has-text-color wp-block-list\" style=\"color:#17343c;font-size:16px\">\n<li>M\u00e9canique : Fabrication de pi\u00e8ces quel que soit le secteur d&rsquo;activit\u00e9, &#8230;<\/li>\n\n\n\n<li>SAV : Impression de pi\u00e8ces d\u00e9tach\u00e9es pour r\u00e9parer votre mat\u00e9riel, &#8230; <\/li>\n\n\n\n<li>Secteur m\u00e9dical : Fabrication de proth\u00e8ses, d&rsquo;objets adapt\u00e9s au handicap du patient, &#8230;.<\/li>\n\n\n\n<li>Secteur dentaire : Moules en r\u00e9sine pour des proth\u00e8ses dentaires sp\u00e9cifiques,&#8230;<\/li>\n\n\n\n<li>Bijouterie : Moules de pr\u00e9cision en r\u00e9sine calcinable pour la r\u00e9alisation de bijoux, &#8230;<\/li>\n\n\n\n<li>Architecture : Conception de maquettes architecturales pour valoriser vos projets immobiliers, &#8230;<\/li>\n\n\n\n<li>Loisir cr\u00e9atif : Figurines \u00e0 peindre, moules pour r\u00e9sine \u00e9poxy, &#8230;.<\/li>\n\n\n\n<li>et bien d&rsquo;autres domaines &#8230;<\/li>\n<\/ul>\n\n\n\n<p class=\"has-text-color\" style=\"color:#17343c;font-size:16px\"><br><\/p>\n\n\n\n<div class=\"wp-block-columns has-text-color has-background is-layout-flex wp-container-core-columns-is-layout-9d6595d7 wp-block-columns-is-layout-flex\" style=\"color:#17343c;background-color:#2e7285;font-size:16px\">\n<div class=\"wp-block-column is-vertically-aligned-center is-layout-flow wp-block-column-is-layout-flow\"><div class=\"wp-block-image\">\n<figure class=\"aligncenter size-full is-resized\" id=\"Main_eNable\"><img fetchpriority=\"high\" decoding=\"async\" src=\"https:\/\/s3d-print.com\/wp-content\/uploads\/2023\/03\/MainEnable.png\" alt=\"Impression 3D main e-nable\" class=\"wp-image-295\" width=\"512\" height=\"384\" title=\"Main e-Nable\" srcset=\"https:\/\/s3d-print.com\/wp-content\/uploads\/2023\/03\/MainEnable.png 1024w, https:\/\/s3d-print.com\/wp-content\/uploads\/2023\/03\/MainEnable-250x188.png 250w, https:\/\/s3d-print.com\/wp-content\/uploads\/2023\/03\/MainEnable-150x113.png 150w, https:\/\/s3d-print.com\/wp-content\/uploads\/2023\/03\/MainEnable-768x576.png 768w, https:\/\/s3d-print.com\/wp-content\/uploads\/2023\/03\/MainEnable-600x450.png 600w\" sizes=\"(max-width: 512px) 100vw, 512px\" \/><\/figure>\n<\/div><\/div>\n\n\n\n<div class=\"wp-block-column is-vertically-aligned-center has-text-color is-layout-flow wp-block-column-is-layout-flow\" style=\"color:#17343c;font-size:16px\">\n<p class=\"has-white-color has-text-color\" style=\"font-size:16px\">La technologie d&rsquo;impression 3D r\u00e9pond aujourd&rsquo;hui \u00e0 toutes les contraintes m\u00e9caniques, chimiques, photosensibles et esth\u00e9tiques. En effet, en fonction des  conditions d&rsquo;utilisation de l&rsquo;objet et gr\u00e2ce \u00e0 la grande diversit\u00e9 de mat\u00e9riaux plastiques disponibles tel que le PLA, l&rsquo;ABS, l&rsquo;ASA, le Polypropyl\u00e8ne, le PETG, le Nylon ou les mat\u00e9riaux composites tels que ceux charg\u00e9s en fibre carbone,  bois, caf\u00e9 ou m\u00eame \u00e0 base de coquilles d&rsquo;huitre, le choix du mat\u00e9riau plastique utilis\u00e9 pour l&rsquo;impression a une grande importance. Chaque mat\u00e9riaux a ses propres caract\u00e9ristiques que nous prenons en compte en fonction de l&rsquo;application.<\/p>\n<\/div>\n<\/div>\n\n\n<div class=\"wp-block-image\">\n<figure class=\"aligncenter size-full is-resized\"><img decoding=\"async\" src=\"https:\/\/s3d-print.com\/wp-content\/uploads\/2023\/03\/QRCode-1.png\" alt=\"Impression 3D QR-Code d\u2019acc\u00e8s WIFI\" class=\"wp-image-246\" width=\"512\" height=\"384\" srcset=\"https:\/\/s3d-print.com\/wp-content\/uploads\/2023\/03\/QRCode-1.png 1024w, https:\/\/s3d-print.com\/wp-content\/uploads\/2023\/03\/QRCode-1-300x225.png 300w, https:\/\/s3d-print.com\/wp-content\/uploads\/2023\/03\/QRCode-1-768x576.png 768w, https:\/\/s3d-print.com\/wp-content\/uploads\/2023\/03\/QRCode-1-600x450.png 600w\" sizes=\"(max-width: 512px) 100vw, 512px\" \/><\/figure>\n<\/div>\n\n\n<p><br><\/p>\n\n\n\n<div class=\"wp-block-group\" style=\"font-size:16px\"><div class=\"wp-block-group__inner-container is-layout-constrained wp-block-group-is-layout-constrained\">\n<figure class=\"wp-block-gallery has-nested-images columns-default is-cropped wp-block-gallery-1 is-layout-flex wp-block-gallery-is-layout-flex\">\n<figure class=\"wp-block-image size-full\"><img decoding=\"async\" width=\"1024\" height=\"768\" data-id=\"248\" src=\"https:\/\/s3d-print.com\/wp-content\/uploads\/2023\/03\/Figurine-2.png\" alt=\"Impression 3D figurine en r\u00e9sine\" class=\"wp-image-248\" srcset=\"https:\/\/s3d-print.com\/wp-content\/uploads\/2023\/03\/Figurine-2.png 1024w, https:\/\/s3d-print.com\/wp-content\/uploads\/2023\/03\/Figurine-2-300x225.png 300w, https:\/\/s3d-print.com\/wp-content\/uploads\/2023\/03\/Figurine-2-768x576.png 768w, https:\/\/s3d-print.com\/wp-content\/uploads\/2023\/03\/Figurine-2-600x450.png 600w\" sizes=\"(max-width: 1024px) 100vw, 1024px\" \/><\/figure>\n\n\n\n<figure class=\"wp-block-image size-full\"><img loading=\"lazy\" decoding=\"async\" width=\"1024\" height=\"768\" data-id=\"247\" src=\"https:\/\/s3d-print.com\/wp-content\/uploads\/2023\/03\/RangeCable-1.png\" alt=\"Impression 3D range cable\" class=\"wp-image-247\" srcset=\"https:\/\/s3d-print.com\/wp-content\/uploads\/2023\/03\/RangeCable-1.png 1024w, https:\/\/s3d-print.com\/wp-content\/uploads\/2023\/03\/RangeCable-1-300x225.png 300w, https:\/\/s3d-print.com\/wp-content\/uploads\/2023\/03\/RangeCable-1-768x576.png 768w, https:\/\/s3d-print.com\/wp-content\/uploads\/2023\/03\/RangeCable-1-600x450.png 600w\" sizes=\"(max-width: 1024px) 100vw, 1024px\" \/><\/figure>\n<\/figure>\n<\/div><\/div>\n\n\n\n<p class=\"has-text-color\" style=\"color:#17343c;font-size:16px\"><br><\/p>\n\n\n\n<p class=\"has-text-color\" style=\"color:#17343c;font-size:16px\">Faire appel \u00e0 S3D-PRINT, c&rsquo;est vous apporter de r\u00e9els avantages : <\/p>\n\n\n\n<ul class=\"has-text-color wp-block-list\" style=\"color:#17343c;font-size:16px\">\n<li>Sp\u00e9cificit\u00e9 : Avant d&rsquo;imprimer, nous travaillons avec vous pour comprendre vos exigences. Nous rendons le mod\u00e8le \u00e0 imprimer sp\u00e9cifique \u00e0 votre besoin r\u00e9el. Il devient un objet unique en ad\u00e9quation avec vos contraintes.<\/li>\n\n\n\n<li>R\u00e9activit\u00e9 : Nous sommes localis\u00e9s en Guadeloupe.  Proches de vous, nous pouvons r\u00e9pondre efficacement et rapidement. Nous fabriquons localement !<\/li>\n\n\n\n<li>Co\u00fbt : Vous retirez les contraintes financi\u00e8res dues aux frais d&rsquo;importation et au stockage des pi\u00e8ces d\u00e9tach\u00e9es en pr\u00e9vision d&rsquo;une hypoth\u00e9tique casse. Nous pouvons imprimer vos pi\u00e8ces rapidement ce qui limite l&rsquo;impact \u00e9conomique sur vos chaines de production en cas de casse d&rsquo;une pi\u00e8ce absente de votre stock !<\/li>\n\n\n\n<li>Environnemental : Faire appel \u00e0 la technologie de l&rsquo;impression 3D c&rsquo;est aussi apporter votre contribution au bien-\u00eatre de notre plan\u00e8te. En effet, nombre de filaments plastiques utilis\u00e9s sont issus du recyclage. D&rsquo;autre part, imprimer un objet en 3D utilise beaucoup moins de mati\u00e8re premi\u00e8re qu&rsquo;une m\u00eame pi\u00e8ce fabriqu\u00e9e en technologie par injection et cela, sans impacter sur sa solidit\u00e9.<\/li>\n<\/ul>\n\n\n\n<p class=\"has-text-color\" style=\"color:#17343c;font-size:16px\"><br><\/p>\n\n\n\n<p class=\"has-text-color\" style=\"color:#17343c;font-size:16px\">Nous avons forc\u00e9ment une solution pour r\u00e9pondre \u00e0 votre besoin. N&rsquo;h\u00e9sitez donc pas \u00e0 nous contacter par t\u00e9l\u00e9phone ou WhatsApp au +590 (0)6 91 25 24 30 ou par mail \u00e0 <a href=\"mailto:contact@s3d-print.com\">contact@s3d-print.com<\/a>.<\/p>\n\n\n\n<p class=\"has-text-color\" style=\"color:#17343c;font-size:16px\"><\/p>\n","protected":false},"excerpt":{"rendered":"<p>Bienvenue chez S3D-PRINT. Nous sommes une entreprise de mod\u00e9lisation et de fabrication 3D au service des particuliers et des entreprises de Guadeloupe. Nous vous apportons une solution d&rsquo;impression 3D \u00e0 votre probl\u00e9matique mat\u00e9rielle. Notre slogan \u00ab\u00a0You think it. We print it !\u00a0\u00bb exprime toute la&hellip;<\/p>\n","protected":false},"author":1,"featured_media":0,"parent":0,"menu_order":0,"comment_status":"closed","ping_status":"closed","template":"","meta":{"footnotes":""},"class_list":["post-36","page","type-page","status-publish","hentry"],"yoast_head":"<!-- This site is optimized with the Yoast SEO plugin v27.4 - https:\/\/yoast.com\/product\/yoast-seo-wordpress\/ -->\n<title>Impression 3D en Guadeloupe, mod\u00e9lisation 3D<\/title>\n<meta name=\"description\" content=\"Guadeloupe S3D-PRINT Accueil - impression 3D Antilles mod\u00e9lisation fabrication additive Guyane imprimante\" \/>\n<meta name=\"robots\" content=\"index, follow, max-snippet:-1, max-image-preview:large, max-video-preview:-1\" \/>\n<link rel=\"canonical\" href=\"https:\/\/s3d-print.com\/\" \/>\n<meta property=\"og:locale\" content=\"fr_FR\" \/>\n<meta property=\"og:type\" content=\"article\" \/>\n<meta property=\"og:title\" content=\"Impression 3D en Guadeloupe, mod\u00e9lisation 3D\" \/>\n<meta property=\"og:description\" content=\"Guadeloupe S3D-PRINT Accueil - impression 3D Antilles mod\u00e9lisation fabrication additive Guyane imprimante\" \/>\n<meta property=\"og:url\" content=\"https:\/\/s3d-print.com\/\" \/>\n<meta property=\"og:site_name\" content=\"S3D-PRINT\" \/>\n<meta property=\"article:publisher\" content=\"https:\/\/www.facebook.com\/profile.php?id=100089119715440\" \/>\n<meta property=\"article:modified_time\" content=\"2023-05-06T17:24:41+00:00\" \/>\n<meta property=\"og:image\" content=\"https:\/\/s3d-print.com\/wp-content\/uploads\/2023\/03\/MainEnable.png\" \/>\n<meta name=\"twitter:card\" content=\"summary_large_image\" \/>\n<meta name=\"twitter:label1\" content=\"Dur\u00e9e de lecture estim\u00e9e\" \/>\n\t<meta name=\"twitter:data1\" content=\"3 minutes\" \/>\n<script type=\"application\/ld+json\" class=\"yoast-schema-graph\">{\"@context\":\"https:\\\/\\\/schema.org\",\"@graph\":[{\"@type\":\"WebPage\",\"@id\":\"https:\\\/\\\/s3d-print.com\\\/\",\"url\":\"https:\\\/\\\/s3d-print.com\\\/\",\"name\":\"Impression 3D en Guadeloupe, mod\u00e9lisation 3D\",\"isPartOf\":{\"@id\":\"https:\\\/\\\/s3d-print.com\\\/#website\"},\"primaryImageOfPage\":{\"@id\":\"https:\\\/\\\/s3d-print.com\\\/#primaryimage\"},\"image\":{\"@id\":\"https:\\\/\\\/s3d-print.com\\\/#primaryimage\"},\"thumbnailUrl\":\"https:\\\/\\\/s3d-print.com\\\/wp-content\\\/uploads\\\/2023\\\/03\\\/MainEnable.png\",\"datePublished\":\"2023-02-15T15:30:27+00:00\",\"dateModified\":\"2023-05-06T17:24:41+00:00\",\"description\":\"Guadeloupe S3D-PRINT Accueil - impression 3D Antilles mod\u00e9lisation fabrication additive Guyane imprimante\",\"breadcrumb\":{\"@id\":\"https:\\\/\\\/s3d-print.com\\\/#breadcrumb\"},\"inLanguage\":\"fr-FR\",\"potentialAction\":[{\"@type\":\"ReadAction\",\"target\":[\"https:\\\/\\\/s3d-print.com\\\/\"]}]},{\"@type\":\"ImageObject\",\"inLanguage\":\"fr-FR\",\"@id\":\"https:\\\/\\\/s3d-print.com\\\/#primaryimage\",\"url\":\"https:\\\/\\\/s3d-print.com\\\/wp-content\\\/uploads\\\/2023\\\/03\\\/MainEnable.png\",\"contentUrl\":\"https:\\\/\\\/s3d-print.com\\\/wp-content\\\/uploads\\\/2023\\\/03\\\/MainEnable.png\",\"width\":1024,\"height\":768},{\"@type\":\"BreadcrumbList\",\"@id\":\"https:\\\/\\\/s3d-print.com\\\/#breadcrumb\",\"itemListElement\":[{\"@type\":\"ListItem\",\"position\":1,\"name\":\"Accueil\",\"item\":\"https:\\\/\\\/s3d-print.com\\\/\"},{\"@type\":\"ListItem\",\"position\":2,\"name\":\"Accueil\"}]},{\"@type\":\"WebSite\",\"@id\":\"https:\\\/\\\/s3d-print.com\\\/#website\",\"url\":\"https:\\\/\\\/s3d-print.com\\\/\",\"name\":\"S3D-PRINT\",\"description\":\"Mod\u00e9lisation et impression 3D en Guadeloupe et aux Antilles\",\"publisher\":{\"@id\":\"https:\\\/\\\/s3d-print.com\\\/#organization\"},\"potentialAction\":[{\"@type\":\"SearchAction\",\"target\":{\"@type\":\"EntryPoint\",\"urlTemplate\":\"https:\\\/\\\/s3d-print.com\\\/?s={search_term_string}\"},\"query-input\":{\"@type\":\"PropertyValueSpecification\",\"valueRequired\":true,\"valueName\":\"search_term_string\"}}],\"inLanguage\":\"fr-FR\"},{\"@type\":\"Organization\",\"@id\":\"https:\\\/\\\/s3d-print.com\\\/#organization\",\"name\":\"S3D-PRINT\",\"url\":\"https:\\\/\\\/s3d-print.com\\\/\",\"logo\":{\"@type\":\"ImageObject\",\"inLanguage\":\"fr-FR\",\"@id\":\"https:\\\/\\\/s3d-print.com\\\/#\\\/schema\\\/logo\\\/image\\\/\",\"url\":\"https:\\\/\\\/s3d-print.com\\\/wp-content\\\/uploads\\\/2023\\\/02\\\/Logo-1.png\",\"contentUrl\":\"https:\\\/\\\/s3d-print.com\\\/wp-content\\\/uploads\\\/2023\\\/02\\\/Logo-1.png\",\"width\":3005,\"height\":844,\"caption\":\"S3D-PRINT\"},\"image\":{\"@id\":\"https:\\\/\\\/s3d-print.com\\\/#\\\/schema\\\/logo\\\/image\\\/\"},\"sameAs\":[\"https:\\\/\\\/www.facebook.com\\\/profile.php?id=100089119715440\",\"https:\\\/\\\/www.instagram.com\\\/s3d.print\\\/\"]}]}<\/script>\n<!-- \/ Yoast SEO plugin. -->","yoast_head_json":{"title":"Impression 3D en Guadeloupe, mod\u00e9lisation 3D","description":"Guadeloupe S3D-PRINT Accueil - impression 3D Antilles mod\u00e9lisation fabrication additive Guyane imprimante","robots":{"index":"index","follow":"follow","max-snippet":"max-snippet:-1","max-image-preview":"max-image-preview:large","max-video-preview":"max-video-preview:-1"},"canonical":"https:\/\/s3d-print.com\/","og_locale":"fr_FR","og_type":"article","og_title":"Impression 3D en Guadeloupe, mod\u00e9lisation 3D","og_description":"Guadeloupe S3D-PRINT Accueil - impression 3D Antilles mod\u00e9lisation fabrication additive Guyane imprimante","og_url":"https:\/\/s3d-print.com\/","og_site_name":"S3D-PRINT","article_publisher":"https:\/\/www.facebook.com\/profile.php?id=100089119715440","article_modified_time":"2023-05-06T17:24:41+00:00","og_image":[{"url":"https:\/\/s3d-print.com\/wp-content\/uploads\/2023\/03\/MainEnable.png","type":"","width":"","height":""}],"twitter_card":"summary_large_image","twitter_misc":{"Dur\u00e9e de lecture estim\u00e9e":"3 minutes"},"schema":{"@context":"https:\/\/schema.org","@graph":[{"@type":"WebPage","@id":"https:\/\/s3d-print.com\/","url":"https:\/\/s3d-print.com\/","name":"Impression 3D en Guadeloupe, mod\u00e9lisation 3D","isPartOf":{"@id":"https:\/\/s3d-print.com\/#website"},"primaryImageOfPage":{"@id":"https:\/\/s3d-print.com\/#primaryimage"},"image":{"@id":"https:\/\/s3d-print.com\/#primaryimage"},"thumbnailUrl":"https:\/\/s3d-print.com\/wp-content\/uploads\/2023\/03\/MainEnable.png","datePublished":"2023-02-15T15:30:27+00:00","dateModified":"2023-05-06T17:24:41+00:00","description":"Guadeloupe S3D-PRINT Accueil - impression 3D Antilles mod\u00e9lisation fabrication additive Guyane imprimante","breadcrumb":{"@id":"https:\/\/s3d-print.com\/#breadcrumb"},"inLanguage":"fr-FR","potentialAction":[{"@type":"ReadAction","target":["https:\/\/s3d-print.com\/"]}]},{"@type":"ImageObject","inLanguage":"fr-FR","@id":"https:\/\/s3d-print.com\/#primaryimage","url":"https:\/\/s3d-print.com\/wp-content\/uploads\/2023\/03\/MainEnable.png","contentUrl":"https:\/\/s3d-print.com\/wp-content\/uploads\/2023\/03\/MainEnable.png","width":1024,"height":768},{"@type":"BreadcrumbList","@id":"https:\/\/s3d-print.com\/#breadcrumb","itemListElement":[{"@type":"ListItem","position":1,"name":"Accueil","item":"https:\/\/s3d-print.com\/"},{"@type":"ListItem","position":2,"name":"Accueil"}]},{"@type":"WebSite","@id":"https:\/\/s3d-print.com\/#website","url":"https:\/\/s3d-print.com\/","name":"S3D-PRINT","description":"Mod\u00e9lisation et impression 3D en Guadeloupe et aux Antilles","publisher":{"@id":"https:\/\/s3d-print.com\/#organization"},"potentialAction":[{"@type":"SearchAction","target":{"@type":"EntryPoint","urlTemplate":"https:\/\/s3d-print.com\/?s={search_term_string}"},"query-input":{"@type":"PropertyValueSpecification","valueRequired":true,"valueName":"search_term_string"}}],"inLanguage":"fr-FR"},{"@type":"Organization","@id":"https:\/\/s3d-print.com\/#organization","name":"S3D-PRINT","url":"https:\/\/s3d-print.com\/","logo":{"@type":"ImageObject","inLanguage":"fr-FR","@id":"https:\/\/s3d-print.com\/#\/schema\/logo\/image\/","url":"https:\/\/s3d-print.com\/wp-content\/uploads\/2023\/02\/Logo-1.png","contentUrl":"https:\/\/s3d-print.com\/wp-content\/uploads\/2023\/02\/Logo-1.png","width":3005,"height":844,"caption":"S3D-PRINT"},"image":{"@id":"https:\/\/s3d-print.com\/#\/schema\/logo\/image\/"},"sameAs":["https:\/\/www.facebook.com\/profile.php?id=100089119715440","https:\/\/www.instagram.com\/s3d.print\/"]}]}},"_links":{"self":[{"href":"https:\/\/s3d-print.com\/index.php?rest_route=\/wp\/v2\/pages\/36","targetHints":{"allow":["GET"]}}],"collection":[{"href":"https:\/\/s3d-print.com\/index.php?rest_route=\/wp\/v2\/pages"}],"about":[{"href":"https:\/\/s3d-print.com\/index.php?rest_route=\/wp\/v2\/types\/page"}],"author":[{"embeddable":true,"href":"https:\/\/s3d-print.com\/index.php?rest_route=\/wp\/v2\/users\/1"}],"replies":[{"embeddable":true,"href":"https:\/\/s3d-print.com\/index.php?rest_route=%2Fwp%2Fv2%2Fcomments&post=36"}],"version-history":[{"count":117,"href":"https:\/\/s3d-print.com\/index.php?rest_route=\/wp\/v2\/pages\/36\/revisions"}],"predecessor-version":[{"id":881,"href":"https:\/\/s3d-print.com\/index.php?rest_route=\/wp\/v2\/pages\/36\/revisions\/881"}],"wp:attachment":[{"href":"https:\/\/s3d-print.com\/index.php?rest_route=%2Fwp%2Fv2%2Fmedia&parent=36"}],"curies":[{"name":"wp","href":"https:\/\/api.w.org\/{rel}","templated":true}]}}