{"id":55,"date":"2023-02-15T12:03:26","date_gmt":"2023-02-15T16:03:26","guid":{"rendered":"https:\/\/s3d-print.com\/?page_id=55"},"modified":"2023-05-06T13:18:23","modified_gmt":"2023-05-06T17:18:23","slug":"impression-3d","status":"publish","type":"page","link":"https:\/\/s3d-print.com\/?page_id=55","title":{"rendered":"Impression 3D"},"content":{"rendered":"\n<p class=\"has-text-color\" style=\"color:#17343c;font-size:16px\">Nous disposons d&rsquo;une ferme d&rsquo;imprimantes 3D qui ne cesse de grandir pour r\u00e9pondre \u00e0 l&rsquo;ensemble de vos demandes et garantir la fabrication de vos pi\u00e8ces et objets en fonction des caract\u00e9ristiques souhait\u00e9es et dans un d\u00e9lai tr\u00e8s court.<br><\/p>\n\n\n\n<figure class=\"wp-block-gallery has-nested-images columns-default has-background wp-block-gallery-1 is-layout-flex wp-block-gallery-is-layout-flex\" style=\"background-color:#2e7285\">\n<figure class=\"wp-block-image size-medium\"><img decoding=\"async\" width=\"188\" height=\"250\" data-id=\"370\" src=\"https:\/\/s3d-print.com\/wp-content\/uploads\/2023\/03\/Ender3-188x250.png\" alt=\"Impression 3D - imprimante 3D - Prototypage\" class=\"wp-image-370\" srcset=\"https:\/\/s3d-print.com\/wp-content\/uploads\/2023\/03\/Ender3-188x250.png 188w, https:\/\/s3d-print.com\/wp-content\/uploads\/2023\/03\/Ender3-113x150.png 113w, https:\/\/s3d-print.com\/wp-content\/uploads\/2023\/03\/Ender3-600x800.png 600w, https:\/\/s3d-print.com\/wp-content\/uploads\/2023\/03\/Ender3.png 768w\" sizes=\"(max-width: 188px) 100vw, 188px\" \/><\/figure>\n\n\n\n<figure class=\"wp-block-image size-medium\"><img decoding=\"async\" width=\"188\" height=\"250\" data-id=\"371\" src=\"https:\/\/s3d-print.com\/wp-content\/uploads\/2023\/03\/SLAElegooMars2P-188x250.png\" alt=\"Impression 3D - R\u00e9sine \" class=\"wp-image-371\" srcset=\"https:\/\/s3d-print.com\/wp-content\/uploads\/2023\/03\/SLAElegooMars2P-188x250.png 188w, https:\/\/s3d-print.com\/wp-content\/uploads\/2023\/03\/SLAElegooMars2P-113x150.png 113w, https:\/\/s3d-print.com\/wp-content\/uploads\/2023\/03\/SLAElegooMars2P-600x800.png 600w, https:\/\/s3d-print.com\/wp-content\/uploads\/2023\/03\/SLAElegooMars2P.png 768w\" sizes=\"(max-width: 188px) 100vw, 188px\" \/><\/figure>\n\n\n\n<figure class=\"wp-block-image size-medium\"><img decoding=\"async\" width=\"188\" height=\"250\" data-id=\"410\" src=\"https:\/\/s3d-print.com\/wp-content\/uploads\/2023\/03\/UltimakerS5-1-188x250.png\" alt=\"Impression 3D - pi\u00e8ces techniques\" class=\"wp-image-410\" srcset=\"https:\/\/s3d-print.com\/wp-content\/uploads\/2023\/03\/UltimakerS5-1-188x250.png 188w, https:\/\/s3d-print.com\/wp-content\/uploads\/2023\/03\/UltimakerS5-1-113x150.png 113w, https:\/\/s3d-print.com\/wp-content\/uploads\/2023\/03\/UltimakerS5-1-600x800.png 600w, https:\/\/s3d-print.com\/wp-content\/uploads\/2023\/03\/UltimakerS5-1.png 768w\" sizes=\"(max-width: 188px) 100vw, 188px\" \/><\/figure>\n<\/figure>\n\n\n\n<p><br><\/p>\n\n\n\n<p class=\"has-text-color\" style=\"color:#17343c;font-size:16px\">S3D-PRINT propose \u00e0 ce jour deux technologies d&rsquo;impression :<\/p>\n\n\n\n<ul class=\"has-text-color wp-block-list\" style=\"color:#17343c;font-size:16px\">\n<li>Technologie FDM : Il s&rsquo;agit d&rsquo;une impression par d\u00e9p\u00f4t de filament thermoplastique. Nous pouvons imprimer avec une pr\u00e9cision jusqu&rsquo;\u00e0 60 microm\u00e8tres. Cette technologie est principalement d\u00e9di\u00e9e \u00e0 la fabrication de pi\u00e8ces m\u00e9caniques ou orthop\u00e9diques.<\/li>\n\n\n\n<li>Technologie LCD\/SLA : Technologie par polym\u00e9risation de r\u00e9sine plastique. Cette technologie r\u00e9pond au besoin d&rsquo;une pr\u00e9cision extr\u00eame puisque nous pouvons atteindre une r\u00e9solution de 50 microm\u00e8tres. Elle r\u00e9pond efficacement aux sp\u00e9cificit\u00e9s impos\u00e9es par le domaine dentaire, la bijouterie et le loisir cr\u00e9atif de pr\u00e9cision.<\/li>\n<\/ul>\n\n\n\n<p><br><\/p>\n\n\n<div class=\"wp-block-image\">\n<figure class=\"aligncenter size-full is-resized\"><img loading=\"lazy\" decoding=\"async\" src=\"https:\/\/s3d-print.com\/wp-content\/uploads\/2023\/03\/GammePlastique.png\" alt=\"Impression 3D - Couleurs\" class=\"wp-image-391\" width=\"1007\" height=\"182\" srcset=\"https:\/\/s3d-print.com\/wp-content\/uploads\/2023\/03\/GammePlastique.png 4028w, https:\/\/s3d-print.com\/wp-content\/uploads\/2023\/03\/GammePlastique-250x45.png 250w, https:\/\/s3d-print.com\/wp-content\/uploads\/2023\/03\/GammePlastique-1024x185.png 1024w, https:\/\/s3d-print.com\/wp-content\/uploads\/2023\/03\/GammePlastique-150x27.png 150w, https:\/\/s3d-print.com\/wp-content\/uploads\/2023\/03\/GammePlastique-768x138.png 768w, https:\/\/s3d-print.com\/wp-content\/uploads\/2023\/03\/GammePlastique-1536x277.png 1536w, https:\/\/s3d-print.com\/wp-content\/uploads\/2023\/03\/GammePlastique-2048x369.png 2048w, https:\/\/s3d-print.com\/wp-content\/uploads\/2023\/03\/GammePlastique-600x108.png 600w\" sizes=\"(max-width: 1007px) 100vw, 1007px\" \/><\/figure>\n<\/div>\n\n\n<p class=\"has-text-align-center has-text-color\" style=\"color:#17343c;font-size:16px\">Notre gamme de mat\u00e9riaux et de couleurs est tr\u00e8s diversifi\u00e9e.  N&rsquo;h\u00e9sitez pas \u00e0 nous demander.<\/p>\n\n\n\n<p class=\"has-text-color\" style=\"color:#17343c;font-size:16px\"><br><br>Le volume d&rsquo;impression n&rsquo;est pas un frein. Que vous souhaitiez une petite pi\u00e8ce de quelques cm<sup>3<\/sup> ou au contraire un mod\u00e8le grandeur nature, il existe des techniques d&rsquo;assemblage que nous pouvons mettre en oeuvre avec une tr\u00e8s faible d\u00e9gradation esth\u00e9tique.<\/p>\n\n\n\n<figure class=\"wp-block-gallery has-nested-images columns-default is-cropped wp-block-gallery-2 is-layout-flex wp-block-gallery-is-layout-flex\">\n<figure class=\"wp-block-image size-large\"><img loading=\"lazy\" decoding=\"async\" width=\"1024\" height=\"768\" data-id=\"401\" src=\"https:\/\/s3d-print.com\/wp-content\/uploads\/2023\/03\/decoupage2.png\" alt=\"Impression 3D - D\u00e9coupage\" class=\"wp-image-401\" srcset=\"https:\/\/s3d-print.com\/wp-content\/uploads\/2023\/03\/decoupage2.png 1024w, https:\/\/s3d-print.com\/wp-content\/uploads\/2023\/03\/decoupage2-250x188.png 250w, https:\/\/s3d-print.com\/wp-content\/uploads\/2023\/03\/decoupage2-150x113.png 150w, https:\/\/s3d-print.com\/wp-content\/uploads\/2023\/03\/decoupage2-768x576.png 768w, https:\/\/s3d-print.com\/wp-content\/uploads\/2023\/03\/decoupage2-600x450.png 600w\" sizes=\"(max-width: 1024px) 100vw, 1024px\" \/><\/figure>\n\n\n\n<figure class=\"wp-block-image size-large\"><img loading=\"lazy\" decoding=\"async\" width=\"1024\" height=\"768\" data-id=\"400\" src=\"https:\/\/s3d-print.com\/wp-content\/uploads\/2023\/03\/decoupage1.png\" alt=\"Impression 3D - Assemblage\" class=\"wp-image-400\" srcset=\"https:\/\/s3d-print.com\/wp-content\/uploads\/2023\/03\/decoupage1.png 1024w, https:\/\/s3d-print.com\/wp-content\/uploads\/2023\/03\/decoupage1-250x188.png 250w, https:\/\/s3d-print.com\/wp-content\/uploads\/2023\/03\/decoupage1-150x113.png 150w, https:\/\/s3d-print.com\/wp-content\/uploads\/2023\/03\/decoupage1-768x576.png 768w, https:\/\/s3d-print.com\/wp-content\/uploads\/2023\/03\/decoupage1-600x450.png 600w\" sizes=\"(max-width: 1024px) 100vw, 1024px\" \/><\/figure>\n<\/figure>\n\n\n\n<p class=\"has-text-color\" style=\"color:#17343c;font-size:16px\"><br><\/p>\n\n\n\n<p class=\"has-text-color\" style=\"color:#17343c;font-size:16px\">En cas de besoin, d&rsquo;une aide particuli\u00e8re ou d&rsquo;une sp\u00e9cificit\u00e9, n&rsquo;h\u00e9sitez pas \u00e0 nous contacter par mail \u00e0 <a href=\"mailto:contact@s3d-print.com\">contact@s3d-print.com<\/a> ou par t\u00e9l\u00e9phone au +590 (0)6 91 25 24 30.<\/p>\n\n\n\n<p class=\"has-text-color\" style=\"color:#17343c;font-size:16px\"><\/p>\n","protected":false},"excerpt":{"rendered":"<p>Nous disposons d&rsquo;une ferme d&rsquo;imprimantes 3D qui ne cesse de grandir pour r\u00e9pondre \u00e0 l&rsquo;ensemble de vos demandes et garantir la fabrication de vos pi\u00e8ces et objets en fonction des caract\u00e9ristiques souhait\u00e9es et dans un d\u00e9lai tr\u00e8s court. S3D-PRINT propose \u00e0 ce jour deux technologies&hellip;<\/p>\n","protected":false},"author":1,"featured_media":0,"parent":0,"menu_order":0,"comment_status":"closed","ping_status":"closed","template":"","meta":{"footnotes":""},"class_list":["post-55","page","type-page","status-publish","hentry"],"yoast_head":"<!-- This site is optimized with the Yoast SEO plugin v27.4 - https:\/\/yoast.com\/product\/yoast-seo-wordpress\/ -->\n<title>Impression 3D en Guadeloupe, mod\u00e9lisation 3D<\/title>\n<meta name=\"description\" content=\"Guadeloupe S3D-PRINT Impression 3D - impression 3D mod\u00e9lisation fabrication additive pi\u00e8ces d\u00e9tach\u00e9es plastique r\u00e9sine guadeloupe\" \/>\n<meta name=\"robots\" content=\"index, follow, max-snippet:-1, max-image-preview:large, max-video-preview:-1\" \/>\n<link rel=\"canonical\" href=\"https:\/\/s3d-print.com\/?page_id=55\" \/>\n<meta property=\"og:locale\" content=\"fr_FR\" \/>\n<meta property=\"og:type\" content=\"article\" \/>\n<meta property=\"og:title\" content=\"Impression 3D en Guadeloupe, mod\u00e9lisation 3D\" \/>\n<meta property=\"og:description\" content=\"Guadeloupe S3D-PRINT Impression 3D - impression 3D mod\u00e9lisation fabrication additive pi\u00e8ces d\u00e9tach\u00e9es plastique r\u00e9sine guadeloupe\" \/>\n<meta property=\"og:url\" content=\"https:\/\/s3d-print.com\/?page_id=55\" \/>\n<meta property=\"og:site_name\" content=\"S3D-PRINT\" \/>\n<meta property=\"article:publisher\" content=\"https:\/\/www.facebook.com\/profile.php?id=100089119715440\" \/>\n<meta property=\"article:modified_time\" content=\"2023-05-06T17:18:23+00:00\" \/>\n<meta property=\"og:image\" content=\"https:\/\/s3d-print.com\/wp-content\/uploads\/2023\/03\/Ender3-188x250.png\" \/>\n<meta name=\"twitter:card\" content=\"summary_large_image\" \/>\n<meta name=\"twitter:label1\" content=\"Dur\u00e9e de lecture estim\u00e9e\" \/>\n\t<meta name=\"twitter:data1\" content=\"3 minutes\" \/>\n<script type=\"application\/ld+json\" class=\"yoast-schema-graph\">{\"@context\":\"https:\\\/\\\/schema.org\",\"@graph\":[{\"@type\":\"WebPage\",\"@id\":\"https:\\\/\\\/s3d-print.com\\\/?page_id=55\",\"url\":\"https:\\\/\\\/s3d-print.com\\\/?page_id=55\",\"name\":\"Impression 3D en Guadeloupe, mod\u00e9lisation 3D\",\"isPartOf\":{\"@id\":\"https:\\\/\\\/s3d-print.com\\\/#website\"},\"primaryImageOfPage\":{\"@id\":\"https:\\\/\\\/s3d-print.com\\\/?page_id=55#primaryimage\"},\"image\":{\"@id\":\"https:\\\/\\\/s3d-print.com\\\/?page_id=55#primaryimage\"},\"thumbnailUrl\":\"https:\\\/\\\/s3d-print.com\\\/wp-content\\\/uploads\\\/2023\\\/03\\\/Ender3-188x250.png\",\"datePublished\":\"2023-02-15T16:03:26+00:00\",\"dateModified\":\"2023-05-06T17:18:23+00:00\",\"description\":\"Guadeloupe S3D-PRINT Impression 3D - impression 3D mod\u00e9lisation fabrication additive pi\u00e8ces d\u00e9tach\u00e9es plastique r\u00e9sine guadeloupe\",\"breadcrumb\":{\"@id\":\"https:\\\/\\\/s3d-print.com\\\/?page_id=55#breadcrumb\"},\"inLanguage\":\"fr-FR\",\"potentialAction\":[{\"@type\":\"ReadAction\",\"target\":[\"https:\\\/\\\/s3d-print.com\\\/?page_id=55\"]}]},{\"@type\":\"ImageObject\",\"inLanguage\":\"fr-FR\",\"@id\":\"https:\\\/\\\/s3d-print.com\\\/?page_id=55#primaryimage\",\"url\":\"https:\\\/\\\/s3d-print.com\\\/wp-content\\\/uploads\\\/2023\\\/03\\\/Ender3.png\",\"contentUrl\":\"https:\\\/\\\/s3d-print.com\\\/wp-content\\\/uploads\\\/2023\\\/03\\\/Ender3.png\",\"width\":768,\"height\":1024},{\"@type\":\"BreadcrumbList\",\"@id\":\"https:\\\/\\\/s3d-print.com\\\/?page_id=55#breadcrumb\",\"itemListElement\":[{\"@type\":\"ListItem\",\"position\":1,\"name\":\"Accueil\",\"item\":\"https:\\\/\\\/s3d-print.com\\\/\"},{\"@type\":\"ListItem\",\"position\":2,\"name\":\"Impression 3D\"}]},{\"@type\":\"WebSite\",\"@id\":\"https:\\\/\\\/s3d-print.com\\\/#website\",\"url\":\"https:\\\/\\\/s3d-print.com\\\/\",\"name\":\"S3D-PRINT\",\"description\":\"Mod\u00e9lisation et impression 3D en Guadeloupe et aux Antilles\",\"publisher\":{\"@id\":\"https:\\\/\\\/s3d-print.com\\\/#organization\"},\"potentialAction\":[{\"@type\":\"SearchAction\",\"target\":{\"@type\":\"EntryPoint\",\"urlTemplate\":\"https:\\\/\\\/s3d-print.com\\\/?s={search_term_string}\"},\"query-input\":{\"@type\":\"PropertyValueSpecification\",\"valueRequired\":true,\"valueName\":\"search_term_string\"}}],\"inLanguage\":\"fr-FR\"},{\"@type\":\"Organization\",\"@id\":\"https:\\\/\\\/s3d-print.com\\\/#organization\",\"name\":\"S3D-PRINT\",\"url\":\"https:\\\/\\\/s3d-print.com\\\/\",\"logo\":{\"@type\":\"ImageObject\",\"inLanguage\":\"fr-FR\",\"@id\":\"https:\\\/\\\/s3d-print.com\\\/#\\\/schema\\\/logo\\\/image\\\/\",\"url\":\"https:\\\/\\\/s3d-print.com\\\/wp-content\\\/uploads\\\/2023\\\/02\\\/Logo-1.png\",\"contentUrl\":\"https:\\\/\\\/s3d-print.com\\\/wp-content\\\/uploads\\\/2023\\\/02\\\/Logo-1.png\",\"width\":3005,\"height\":844,\"caption\":\"S3D-PRINT\"},\"image\":{\"@id\":\"https:\\\/\\\/s3d-print.com\\\/#\\\/schema\\\/logo\\\/image\\\/\"},\"sameAs\":[\"https:\\\/\\\/www.facebook.com\\\/profile.php?id=100089119715440\",\"https:\\\/\\\/www.instagram.com\\\/s3d.print\\\/\"]}]}<\/script>\n<!-- \/ Yoast SEO plugin. -->","yoast_head_json":{"title":"Impression 3D en Guadeloupe, mod\u00e9lisation 3D","description":"Guadeloupe S3D-PRINT Impression 3D - impression 3D mod\u00e9lisation fabrication additive pi\u00e8ces d\u00e9tach\u00e9es plastique r\u00e9sine guadeloupe","robots":{"index":"index","follow":"follow","max-snippet":"max-snippet:-1","max-image-preview":"max-image-preview:large","max-video-preview":"max-video-preview:-1"},"canonical":"https:\/\/s3d-print.com\/?page_id=55","og_locale":"fr_FR","og_type":"article","og_title":"Impression 3D en Guadeloupe, mod\u00e9lisation 3D","og_description":"Guadeloupe S3D-PRINT Impression 3D - impression 3D mod\u00e9lisation fabrication additive pi\u00e8ces d\u00e9tach\u00e9es plastique r\u00e9sine guadeloupe","og_url":"https:\/\/s3d-print.com\/?page_id=55","og_site_name":"S3D-PRINT","article_publisher":"https:\/\/www.facebook.com\/profile.php?id=100089119715440","article_modified_time":"2023-05-06T17:18:23+00:00","og_image":[{"url":"https:\/\/s3d-print.com\/wp-content\/uploads\/2023\/03\/Ender3-188x250.png","type":"","width":"","height":""}],"twitter_card":"summary_large_image","twitter_misc":{"Dur\u00e9e de lecture estim\u00e9e":"3 minutes"},"schema":{"@context":"https:\/\/schema.org","@graph":[{"@type":"WebPage","@id":"https:\/\/s3d-print.com\/?page_id=55","url":"https:\/\/s3d-print.com\/?page_id=55","name":"Impression 3D en Guadeloupe, mod\u00e9lisation 3D","isPartOf":{"@id":"https:\/\/s3d-print.com\/#website"},"primaryImageOfPage":{"@id":"https:\/\/s3d-print.com\/?page_id=55#primaryimage"},"image":{"@id":"https:\/\/s3d-print.com\/?page_id=55#primaryimage"},"thumbnailUrl":"https:\/\/s3d-print.com\/wp-content\/uploads\/2023\/03\/Ender3-188x250.png","datePublished":"2023-02-15T16:03:26+00:00","dateModified":"2023-05-06T17:18:23+00:00","description":"Guadeloupe S3D-PRINT Impression 3D - impression 3D mod\u00e9lisation fabrication additive pi\u00e8ces d\u00e9tach\u00e9es plastique r\u00e9sine guadeloupe","breadcrumb":{"@id":"https:\/\/s3d-print.com\/?page_id=55#breadcrumb"},"inLanguage":"fr-FR","potentialAction":[{"@type":"ReadAction","target":["https:\/\/s3d-print.com\/?page_id=55"]}]},{"@type":"ImageObject","inLanguage":"fr-FR","@id":"https:\/\/s3d-print.com\/?page_id=55#primaryimage","url":"https:\/\/s3d-print.com\/wp-content\/uploads\/2023\/03\/Ender3.png","contentUrl":"https:\/\/s3d-print.com\/wp-content\/uploads\/2023\/03\/Ender3.png","width":768,"height":1024},{"@type":"BreadcrumbList","@id":"https:\/\/s3d-print.com\/?page_id=55#breadcrumb","itemListElement":[{"@type":"ListItem","position":1,"name":"Accueil","item":"https:\/\/s3d-print.com\/"},{"@type":"ListItem","position":2,"name":"Impression 3D"}]},{"@type":"WebSite","@id":"https:\/\/s3d-print.com\/#website","url":"https:\/\/s3d-print.com\/","name":"S3D-PRINT","description":"Mod\u00e9lisation et impression 3D en Guadeloupe et aux Antilles","publisher":{"@id":"https:\/\/s3d-print.com\/#organization"},"potentialAction":[{"@type":"SearchAction","target":{"@type":"EntryPoint","urlTemplate":"https:\/\/s3d-print.com\/?s={search_term_string}"},"query-input":{"@type":"PropertyValueSpecification","valueRequired":true,"valueName":"search_term_string"}}],"inLanguage":"fr-FR"},{"@type":"Organization","@id":"https:\/\/s3d-print.com\/#organization","name":"S3D-PRINT","url":"https:\/\/s3d-print.com\/","logo":{"@type":"ImageObject","inLanguage":"fr-FR","@id":"https:\/\/s3d-print.com\/#\/schema\/logo\/image\/","url":"https:\/\/s3d-print.com\/wp-content\/uploads\/2023\/02\/Logo-1.png","contentUrl":"https:\/\/s3d-print.com\/wp-content\/uploads\/2023\/02\/Logo-1.png","width":3005,"height":844,"caption":"S3D-PRINT"},"image":{"@id":"https:\/\/s3d-print.com\/#\/schema\/logo\/image\/"},"sameAs":["https:\/\/www.facebook.com\/profile.php?id=100089119715440","https:\/\/www.instagram.com\/s3d.print\/"]}]}},"_links":{"self":[{"href":"https:\/\/s3d-print.com\/index.php?rest_route=\/wp\/v2\/pages\/55","targetHints":{"allow":["GET"]}}],"collection":[{"href":"https:\/\/s3d-print.com\/index.php?rest_route=\/wp\/v2\/pages"}],"about":[{"href":"https:\/\/s3d-print.com\/index.php?rest_route=\/wp\/v2\/types\/page"}],"author":[{"embeddable":true,"href":"https:\/\/s3d-print.com\/index.php?rest_route=\/wp\/v2\/users\/1"}],"replies":[{"embeddable":true,"href":"https:\/\/s3d-print.com\/index.php?rest_route=%2Fwp%2Fv2%2Fcomments&post=55"}],"version-history":[{"count":49,"href":"https:\/\/s3d-print.com\/index.php?rest_route=\/wp\/v2\/pages\/55\/revisions"}],"predecessor-version":[{"id":879,"href":"https:\/\/s3d-print.com\/index.php?rest_route=\/wp\/v2\/pages\/55\/revisions\/879"}],"wp:attachment":[{"href":"https:\/\/s3d-print.com\/index.php?rest_route=%2Fwp%2Fv2%2Fmedia&parent=55"}],"curies":[{"name":"wp","href":"https:\/\/api.w.org\/{rel}","templated":true}]}}