{"id":63,"date":"2023-02-15T12:24:28","date_gmt":"2023-02-15T16:24:28","guid":{"rendered":"https:\/\/s3d-print.com\/?page_id=63"},"modified":"2023-03-14T09:25:37","modified_gmt":"2023-03-14T13:25:37","slug":"formation","status":"publish","type":"page","link":"https:\/\/s3d-print.com\/?page_id=63","title":{"rendered":"Initiation"},"content":{"rendered":"\n<p class=\"has-text-color\" style=\"color:#17343c;font-size:16px\">Le domaine de l&rsquo;impression 3D connait un essor incroyable depuis ces derni\u00e8res ann\u00e9es et ne cesse de croitre chaque ann\u00e9e. <\/p>\n\n\n\n<p class=\"has-text-color\" style=\"color:#17343c;font-size:16px\"><br><br>Dans le but de d\u00e9mocratiser l&rsquo;usage de cette technologie dans votre quotidien ou dans le monde professionnel, nous proposons des ateliers d&rsquo;initiation et de perfectionnement \u00e0 la mod\u00e9lisation et \u00e0  l&rsquo;impression 3D. Ces ateliers sont destin\u00e9s aux enfants comme aux adultes. <\/p>\n\n\n\n<p class=\"has-text-color\" style=\"color:#17343c;font-size:16px\"><br>Ainsi vous ferez vos premiers pas dans ce monde de la fabrication additive ou vous consoliderez vos connaissances actuelles.<\/p>\n\n\n\n<p class=\"has-text-color\" style=\"color:#17343c;font-size:16px\"><br>Nous sommes certifi\u00e9s FUSION 360 par AUTODESK et en FABRICATION ADDITIVE par l&rsquo;IUMM de Lyon.<\/p>\n\n\n\n<p> <\/p>\n","protected":false},"excerpt":{"rendered":"<p>Le domaine de l&rsquo;impression 3D connait un essor incroyable depuis ces derni\u00e8res ann\u00e9es et ne cesse de croitre chaque ann\u00e9e. Dans le but de d\u00e9mocratiser l&rsquo;usage de cette technologie dans votre quotidien ou dans le monde professionnel, nous proposons des ateliers d&rsquo;initiation et de perfectionnement&hellip;<\/p>\n","protected":false},"author":1,"featured_media":0,"parent":0,"menu_order":0,"comment_status":"closed","ping_status":"closed","template":"","meta":{"footnotes":""},"class_list":["post-63","page","type-page","status-publish","hentry"],"yoast_head":"<!-- This site is optimized with the Yoast SEO plugin v27.4 - https:\/\/yoast.com\/product\/yoast-seo-wordpress\/ -->\n<title>Impression 3D en Guadeloupe, mod\u00e9lisation 3D<\/title>\n<meta name=\"description\" content=\"Guadeloupe S3D-PRINT Initiation - impression 3D mod\u00e9lisation fabrication additive pi\u00e8ces d\u00e9tach\u00e9es plastique r\u00e9sine guadeloupe\" \/>\n<meta name=\"robots\" content=\"index, follow, max-snippet:-1, max-image-preview:large, max-video-preview:-1\" \/>\n<link rel=\"canonical\" href=\"https:\/\/s3d-print.com\/?page_id=63\" \/>\n<meta property=\"og:locale\" content=\"fr_FR\" \/>\n<meta property=\"og:type\" content=\"article\" \/>\n<meta property=\"og:title\" content=\"Impression 3D en Guadeloupe, mod\u00e9lisation 3D\" \/>\n<meta property=\"og:description\" content=\"Guadeloupe S3D-PRINT Initiation - impression 3D mod\u00e9lisation fabrication additive pi\u00e8ces d\u00e9tach\u00e9es plastique r\u00e9sine guadeloupe\" \/>\n<meta property=\"og:url\" content=\"https:\/\/s3d-print.com\/?page_id=63\" \/>\n<meta property=\"og:site_name\" content=\"S3D-PRINT\" \/>\n<meta property=\"article:publisher\" content=\"https:\/\/www.facebook.com\/profile.php?id=100089119715440\" \/>\n<meta property=\"article:modified_time\" content=\"2023-03-14T13:25:37+00:00\" \/>\n<meta property=\"og:image\" content=\"https:\/\/s3d-print.com\/wp-content\/uploads\/2023\/02\/cropped-Logo_Petit.png\" \/>\n\t<meta property=\"og:image:width\" content=\"138\" \/>\n\t<meta property=\"og:image:height\" content=\"112\" \/>\n\t<meta property=\"og:image:type\" content=\"image\/png\" \/>\n<meta name=\"twitter:card\" content=\"summary_large_image\" \/>\n<script type=\"application\/ld+json\" class=\"yoast-schema-graph\">{\"@context\":\"https:\\\/\\\/schema.org\",\"@graph\":[{\"@type\":\"WebPage\",\"@id\":\"https:\\\/\\\/s3d-print.com\\\/?page_id=63\",\"url\":\"https:\\\/\\\/s3d-print.com\\\/?page_id=63\",\"name\":\"Impression 3D en Guadeloupe, mod\u00e9lisation 3D\",\"isPartOf\":{\"@id\":\"https:\\\/\\\/s3d-print.com\\\/#website\"},\"datePublished\":\"2023-02-15T16:24:28+00:00\",\"dateModified\":\"2023-03-14T13:25:37+00:00\",\"description\":\"Guadeloupe S3D-PRINT Initiation - impression 3D mod\u00e9lisation fabrication additive pi\u00e8ces d\u00e9tach\u00e9es plastique r\u00e9sine guadeloupe\",\"breadcrumb\":{\"@id\":\"https:\\\/\\\/s3d-print.com\\\/?page_id=63#breadcrumb\"},\"inLanguage\":\"fr-FR\",\"potentialAction\":[{\"@type\":\"ReadAction\",\"target\":[\"https:\\\/\\\/s3d-print.com\\\/?page_id=63\"]}]},{\"@type\":\"BreadcrumbList\",\"@id\":\"https:\\\/\\\/s3d-print.com\\\/?page_id=63#breadcrumb\",\"itemListElement\":[{\"@type\":\"ListItem\",\"position\":1,\"name\":\"Accueil\",\"item\":\"https:\\\/\\\/s3d-print.com\\\/\"},{\"@type\":\"ListItem\",\"position\":2,\"name\":\"Initiation\"}]},{\"@type\":\"WebSite\",\"@id\":\"https:\\\/\\\/s3d-print.com\\\/#website\",\"url\":\"https:\\\/\\\/s3d-print.com\\\/\",\"name\":\"S3D-PRINT\",\"description\":\"Mod\u00e9lisation et impression 3D en Guadeloupe et aux Antilles\",\"publisher\":{\"@id\":\"https:\\\/\\\/s3d-print.com\\\/#organization\"},\"potentialAction\":[{\"@type\":\"SearchAction\",\"target\":{\"@type\":\"EntryPoint\",\"urlTemplate\":\"https:\\\/\\\/s3d-print.com\\\/?s={search_term_string}\"},\"query-input\":{\"@type\":\"PropertyValueSpecification\",\"valueRequired\":true,\"valueName\":\"search_term_string\"}}],\"inLanguage\":\"fr-FR\"},{\"@type\":\"Organization\",\"@id\":\"https:\\\/\\\/s3d-print.com\\\/#organization\",\"name\":\"S3D-PRINT\",\"url\":\"https:\\\/\\\/s3d-print.com\\\/\",\"logo\":{\"@type\":\"ImageObject\",\"inLanguage\":\"fr-FR\",\"@id\":\"https:\\\/\\\/s3d-print.com\\\/#\\\/schema\\\/logo\\\/image\\\/\",\"url\":\"https:\\\/\\\/s3d-print.com\\\/wp-content\\\/uploads\\\/2023\\\/02\\\/Logo-1.png\",\"contentUrl\":\"https:\\\/\\\/s3d-print.com\\\/wp-content\\\/uploads\\\/2023\\\/02\\\/Logo-1.png\",\"width\":3005,\"height\":844,\"caption\":\"S3D-PRINT\"},\"image\":{\"@id\":\"https:\\\/\\\/s3d-print.com\\\/#\\\/schema\\\/logo\\\/image\\\/\"},\"sameAs\":[\"https:\\\/\\\/www.facebook.com\\\/profile.php?id=100089119715440\",\"https:\\\/\\\/www.instagram.com\\\/s3d.print\\\/\"]}]}<\/script>\n<!-- \/ Yoast SEO plugin. -->","yoast_head_json":{"title":"Impression 3D en Guadeloupe, mod\u00e9lisation 3D","description":"Guadeloupe S3D-PRINT Initiation - impression 3D mod\u00e9lisation fabrication additive pi\u00e8ces d\u00e9tach\u00e9es plastique r\u00e9sine guadeloupe","robots":{"index":"index","follow":"follow","max-snippet":"max-snippet:-1","max-image-preview":"max-image-preview:large","max-video-preview":"max-video-preview:-1"},"canonical":"https:\/\/s3d-print.com\/?page_id=63","og_locale":"fr_FR","og_type":"article","og_title":"Impression 3D en Guadeloupe, mod\u00e9lisation 3D","og_description":"Guadeloupe S3D-PRINT Initiation - impression 3D mod\u00e9lisation fabrication additive pi\u00e8ces d\u00e9tach\u00e9es plastique r\u00e9sine guadeloupe","og_url":"https:\/\/s3d-print.com\/?page_id=63","og_site_name":"S3D-PRINT","article_publisher":"https:\/\/www.facebook.com\/profile.php?id=100089119715440","article_modified_time":"2023-03-14T13:25:37+00:00","og_image":[{"width":138,"height":112,"url":"https:\/\/s3d-print.com\/wp-content\/uploads\/2023\/02\/cropped-Logo_Petit.png","type":"image\/png"}],"twitter_card":"summary_large_image","schema":{"@context":"https:\/\/schema.org","@graph":[{"@type":"WebPage","@id":"https:\/\/s3d-print.com\/?page_id=63","url":"https:\/\/s3d-print.com\/?page_id=63","name":"Impression 3D en Guadeloupe, mod\u00e9lisation 3D","isPartOf":{"@id":"https:\/\/s3d-print.com\/#website"},"datePublished":"2023-02-15T16:24:28+00:00","dateModified":"2023-03-14T13:25:37+00:00","description":"Guadeloupe S3D-PRINT Initiation - impression 3D mod\u00e9lisation fabrication additive pi\u00e8ces d\u00e9tach\u00e9es plastique r\u00e9sine guadeloupe","breadcrumb":{"@id":"https:\/\/s3d-print.com\/?page_id=63#breadcrumb"},"inLanguage":"fr-FR","potentialAction":[{"@type":"ReadAction","target":["https:\/\/s3d-print.com\/?page_id=63"]}]},{"@type":"BreadcrumbList","@id":"https:\/\/s3d-print.com\/?page_id=63#breadcrumb","itemListElement":[{"@type":"ListItem","position":1,"name":"Accueil","item":"https:\/\/s3d-print.com\/"},{"@type":"ListItem","position":2,"name":"Initiation"}]},{"@type":"WebSite","@id":"https:\/\/s3d-print.com\/#website","url":"https:\/\/s3d-print.com\/","name":"S3D-PRINT","description":"Mod\u00e9lisation et impression 3D en Guadeloupe et aux Antilles","publisher":{"@id":"https:\/\/s3d-print.com\/#organization"},"potentialAction":[{"@type":"SearchAction","target":{"@type":"EntryPoint","urlTemplate":"https:\/\/s3d-print.com\/?s={search_term_string}"},"query-input":{"@type":"PropertyValueSpecification","valueRequired":true,"valueName":"search_term_string"}}],"inLanguage":"fr-FR"},{"@type":"Organization","@id":"https:\/\/s3d-print.com\/#organization","name":"S3D-PRINT","url":"https:\/\/s3d-print.com\/","logo":{"@type":"ImageObject","inLanguage":"fr-FR","@id":"https:\/\/s3d-print.com\/#\/schema\/logo\/image\/","url":"https:\/\/s3d-print.com\/wp-content\/uploads\/2023\/02\/Logo-1.png","contentUrl":"https:\/\/s3d-print.com\/wp-content\/uploads\/2023\/02\/Logo-1.png","width":3005,"height":844,"caption":"S3D-PRINT"},"image":{"@id":"https:\/\/s3d-print.com\/#\/schema\/logo\/image\/"},"sameAs":["https:\/\/www.facebook.com\/profile.php?id=100089119715440","https:\/\/www.instagram.com\/s3d.print\/"]}]}},"_links":{"self":[{"href":"https:\/\/s3d-print.com\/index.php?rest_route=\/wp\/v2\/pages\/63","targetHints":{"allow":["GET"]}}],"collection":[{"href":"https:\/\/s3d-print.com\/index.php?rest_route=\/wp\/v2\/pages"}],"about":[{"href":"https:\/\/s3d-print.com\/index.php?rest_route=\/wp\/v2\/types\/page"}],"author":[{"embeddable":true,"href":"https:\/\/s3d-print.com\/index.php?rest_route=\/wp\/v2\/users\/1"}],"replies":[{"embeddable":true,"href":"https:\/\/s3d-print.com\/index.php?rest_route=%2Fwp%2Fv2%2Fcomments&post=63"}],"version-history":[{"count":15,"href":"https:\/\/s3d-print.com\/index.php?rest_route=\/wp\/v2\/pages\/63\/revisions"}],"predecessor-version":[{"id":640,"href":"https:\/\/s3d-print.com\/index.php?rest_route=\/wp\/v2\/pages\/63\/revisions\/640"}],"wp:attachment":[{"href":"https:\/\/s3d-print.com\/index.php?rest_route=%2Fwp%2Fv2%2Fmedia&parent=63"}],"curies":[{"name":"wp","href":"https:\/\/api.w.org\/{rel}","templated":true}]}}